{"id":137,"date":"2017-05-30T12:14:16","date_gmt":"2017-05-30T12:14:16","guid":{"rendered":"http:\/\/dminternacional.rs\/?page_id=137"},"modified":"2024-10-08T07:05:50","modified_gmt":"2024-10-08T07:05:50","slug":"about-us","status":"publish","type":"page","link":"https:\/\/dminternacional.rs\/en\/about-us\/","title":{"rendered":"About Us"},"content":{"rendered":"<section class=\"wpb-content-wrapper\"><p>[vc_row][vc_column][vc_column_text]<\/p>\n<h1>DM Internacional<\/h1>\n<h3>Our team&#8230;<\/h3>\n<p>[\/vc_column_text][vc_column_text]Since it\u2019s founding in 2000. company DM International constantly search market needs and meets the customers\u2019 needs on the best customer satisfaction.[\/vc_column_text][\/vc_column][\/vc_row][vc_row][vc_column width=&#8221;1\/3&#8243;][vc_column_text]<\/p>\n<h4>DM INTERNACIONAL founders:<\/h4>\n<p><i class=\"fa fa-arrow-right\"><\/i> Dragan Milosavljevi\u0107<br \/>\n<i class=\"fa fa-arrow-right\"><\/i> Mirko Cvetinovi\u0107<\/p>\n<h4>ORGANIZATION:<\/h4>\n<p><i class=\"fa fa-arrow-right\"><\/i> Direktor Du\u0161an Tucakovi\u0107<\/p>\n<h4>COMMERCIALISTS:<\/h4>\n<p><i class=\"fa fa-arrow-right\"><\/i> Miljko Vujovi\u0107<br \/>\n<i class=\"fa fa-arrow-right\"><\/i> Dragan \u0110usi\u0107<br \/>\n<i class=\"fa fa-arrow-right\"><\/i> Dragan Vukomanovi\u0107<\/p>\n<h4>Commercialist for Belgrade and Novi Sad:<\/h4>\n<p><i class=\"fa fa-arrow-right\"><\/i> Radomir Mila\u0161inovi\u0107<br \/>\n[\/vc_column_text][\/vc_column][vc_column width=&#8221;1\/3&#8243;][\/vc_column][vc_column width=&#8221;1\/3&#8243; css=&#8221;.vc_custom_1496048784963{padding-top: 20px !important;padding-right: 0px !important;padding-left: 20px !important;background-color: #f9f9f9 !important;border-radius: 5px !important;}&#8221;][vc_column_text]<\/p>\n<h4>Our goals:<\/h4>\n<ul>\n<li>TO BE PRECISE IN DELIVERY<\/li>\n<li>TO ABIDE BY THE AGREEMENT WITH CUSTOMERS<\/li>\n<\/ul>\n<p>[\/vc_column_text][vc_column_text]<\/p>\n<h4>Our tasks:<\/h4>\n<ul>\n<li>COMPETITIVENESS<\/li>\n<li>TO PERSEVERE IN PRICE-CREDIT POLICY TO CUSTOMERS<\/li>\n<li>INCREASE SALES AND TOTAL REVENUE<\/li>\n<\/ul>\n<p>[\/vc_column_text][\/vc_column][\/vc_row][vc_row bg_type=&#8221;bg_color&#8221; bg_override=&#8221;full&#8221; type=&#8221;1&#8243; bg_color_value=&#8221;#103d6e&#8221;][vc_column][vc_empty_space][vc_column_text]<\/p>\n<h4><span style=\"color: #ffffff;\"><em>Company made great success with sales results of our bench products and sales of over 25 000 tons of steel and steel products.<\/em><\/span><\/h4>\n<p>[\/vc_column_text][\/vc_column][\/vc_row][vc_row][vc_column][vc_empty_space][\/vc_column][\/vc_row]<\/p>\n<\/section>","protected":false},"excerpt":{"rendered":"<p>[vc_row][vc_column][vc_column_text] DM Internacional Our team&#8230; [\/vc_column_text][vc_column_text]Since it\u2019s founding in 2000. company DM International constantly search market needs and meets the customers\u2019 needs on the best customer satisfaction.[\/vc_column_text][\/vc_column][\/vc_row][vc_row][vc_column width=&#8221;1\/3&#8243;][vc_column_text] DM INTERNACIONAL founders: Dragan Milosavljevi\u0107 Mirko Cvetinovi\u0107 ORGANIZATION: Direktor Du\u0161an Tucakovi\u0107 COMMERCIALISTS: Miljko Vujovi\u0107 Dragan \u0110usi\u0107 Dragan Vukomanovi\u0107 Commercialist for Belgrade and Novi Sad: Radomir Mila\u0161inovi\u0107 [\/vc_column_text][\/vc_column][vc_column&hellip;<\/p>\n","protected":false},"author":1,"featured_media":0,"parent":0,"menu_order":0,"comment_status":"closed","ping_status":"closed","template":"","meta":{"footnotes":""},"class_list":["post-137","page","type-page","status-publish","hentry","description-off"],"yoast_head":"<!-- This site is optimized with the Yoast SEO plugin v24.2 - https:\/\/yoast.com\/wordpress\/plugins\/seo\/ -->\n<title>About Us - DM Internacional<\/title>\n<meta name=\"robots\" content=\"index, follow, max-snippet:-1, max-image-preview:large, max-video-preview:-1\" \/>\n<link rel=\"canonical\" href=\"https:\/\/dminternacional.rs\/en\/o-nama\/\" \/>\n<meta property=\"og:locale\" content=\"en_US\" \/>\n<meta property=\"og:type\" content=\"article\" \/>\n<meta property=\"og:title\" content=\"About Us - DM Internacional\" \/>\n<meta property=\"og:description\" content=\"[vc_row][vc_column][vc_column_text] DM Internacional Our team&#8230; [\/vc_column_text][vc_column_text]Since it\u2019s founding in 2000. company DM International constantly search market needs and meets the customers\u2019 needs on the best customer satisfaction.[\/vc_column_text][\/vc_column][\/vc_row][vc_row][vc_column width=&#8221;1\/3&#8243;][vc_column_text] DM INTERNACIONAL founders: Dragan Milosavljevi\u0107 Mirko Cvetinovi\u0107 ORGANIZATION: Direktor Du\u0161an Tucakovi\u0107 COMMERCIALISTS: Miljko Vujovi\u0107 Dragan \u0110usi\u0107 Dragan Vukomanovi\u0107 Commercialist for Belgrade and Novi Sad: Radomir Mila\u0161inovi\u0107 [\/vc_column_text][\/vc_column][vc_column&hellip;\" \/>\n<meta property=\"og:url\" content=\"https:\/\/dminternacional.rs\/o-nama\/\" \/>\n<meta property=\"og:site_name\" content=\"DM Internacional\" \/>\n<meta property=\"article:modified_time\" content=\"2024-10-08T07:05:50+00:00\" \/>\n<meta name=\"twitter:card\" content=\"summary_large_image\" \/>\n<meta name=\"twitter:label1\" content=\"Est. reading time\" \/>\n\t<meta name=\"twitter:data1\" content=\"1 minute\" \/>\n<script type=\"application\/ld+json\" class=\"yoast-schema-graph\">{\"@context\":\"https:\/\/schema.org\",\"@graph\":[{\"@type\":\"WebPage\",\"@id\":\"https:\/\/dminternacional.rs\/o-nama\/\",\"url\":\"https:\/\/dminternacional.rs\/o-nama\/\",\"name\":\"About Us - DM Internacional\",\"isPartOf\":{\"@id\":\"https:\/\/dminternacional.rs\/#website\"},\"datePublished\":\"2017-05-30T12:14:16+00:00\",\"dateModified\":\"2024-10-08T07:05:50+00:00\",\"breadcrumb\":{\"@id\":\"https:\/\/dminternacional.rs\/o-nama\/#breadcrumb\"},\"inLanguage\":\"en-US\",\"potentialAction\":[{\"@type\":\"ReadAction\",\"target\":[\"https:\/\/dminternacional.rs\/o-nama\/\"]}]},{\"@type\":\"BreadcrumbList\",\"@id\":\"https:\/\/dminternacional.rs\/o-nama\/#breadcrumb\",\"itemListElement\":[{\"@type\":\"ListItem\",\"position\":1,\"name\":\"Home\",\"item\":\"https:\/\/dminternacional.rs\/en\/\"},{\"@type\":\"ListItem\",\"position\":2,\"name\":\"About Us\"}]},{\"@type\":\"WebSite\",\"@id\":\"https:\/\/dminternacional.rs\/#website\",\"url\":\"https:\/\/dminternacional.rs\/\",\"name\":\"DM Internacional\",\"description\":\"Prodajom Gvo\u017e\u0111a, Armaturne mre\u017ee, Binor nosa\u010da, Paljene \u017eice, Gra\u0111evinskih eksera, Cementa\",\"potentialAction\":[{\"@type\":\"SearchAction\",\"target\":{\"@type\":\"EntryPoint\",\"urlTemplate\":\"https:\/\/dminternacional.rs\/?s={search_term_string}\"},\"query-input\":{\"@type\":\"PropertyValueSpecification\",\"valueRequired\":true,\"valueName\":\"search_term_string\"}}],\"inLanguage\":\"en-US\"}]}<\/script>\n<!-- \/ Yoast SEO plugin. -->","yoast_head_json":{"title":"About Us - DM Internacional","robots":{"index":"index","follow":"follow","max-snippet":"max-snippet:-1","max-image-preview":"max-image-preview:large","max-video-preview":"max-video-preview:-1"},"canonical":"https:\/\/dminternacional.rs\/en\/o-nama\/","og_locale":"en_US","og_type":"article","og_title":"About Us - DM Internacional","og_description":"[vc_row][vc_column][vc_column_text] DM Internacional Our team&#8230; [\/vc_column_text][vc_column_text]Since it\u2019s founding in 2000. company DM International constantly search market needs and meets the customers\u2019 needs on the best customer satisfaction.[\/vc_column_text][\/vc_column][\/vc_row][vc_row][vc_column width=&#8221;1\/3&#8243;][vc_column_text] DM INTERNACIONAL founders: Dragan Milosavljevi\u0107 Mirko Cvetinovi\u0107 ORGANIZATION: Direktor Du\u0161an Tucakovi\u0107 COMMERCIALISTS: Miljko Vujovi\u0107 Dragan \u0110usi\u0107 Dragan Vukomanovi\u0107 Commercialist for Belgrade and Novi Sad: Radomir Mila\u0161inovi\u0107 [\/vc_column_text][\/vc_column][vc_column&hellip;","og_url":"https:\/\/dminternacional.rs\/o-nama\/","og_site_name":"DM Internacional","article_modified_time":"2024-10-08T07:05:50+00:00","twitter_card":"summary_large_image","twitter_misc":{"Est. reading time":"1 minute"},"schema":{"@context":"https:\/\/schema.org","@graph":[{"@type":"WebPage","@id":"https:\/\/dminternacional.rs\/o-nama\/","url":"https:\/\/dminternacional.rs\/o-nama\/","name":"About Us - DM Internacional","isPartOf":{"@id":"https:\/\/dminternacional.rs\/#website"},"datePublished":"2017-05-30T12:14:16+00:00","dateModified":"2024-10-08T07:05:50+00:00","breadcrumb":{"@id":"https:\/\/dminternacional.rs\/o-nama\/#breadcrumb"},"inLanguage":"en-US","potentialAction":[{"@type":"ReadAction","target":["https:\/\/dminternacional.rs\/o-nama\/"]}]},{"@type":"BreadcrumbList","@id":"https:\/\/dminternacional.rs\/o-nama\/#breadcrumb","itemListElement":[{"@type":"ListItem","position":1,"name":"Home","item":"https:\/\/dminternacional.rs\/en\/"},{"@type":"ListItem","position":2,"name":"About Us"}]},{"@type":"WebSite","@id":"https:\/\/dminternacional.rs\/#website","url":"https:\/\/dminternacional.rs\/","name":"DM Internacional","description":"Prodajom Gvo\u017e\u0111a, Armaturne mre\u017ee, Binor nosa\u010da, Paljene \u017eice, Gra\u0111evinskih eksera, Cementa","potentialAction":[{"@type":"SearchAction","target":{"@type":"EntryPoint","urlTemplate":"https:\/\/dminternacional.rs\/?s={search_term_string}"},"query-input":{"@type":"PropertyValueSpecification","valueRequired":true,"valueName":"search_term_string"}}],"inLanguage":"en-US"}]}},"_links":{"self":[{"href":"https:\/\/dminternacional.rs\/en\/wp-json\/wp\/v2\/pages\/137","targetHints":{"allow":["GET"]}}],"collection":[{"href":"https:\/\/dminternacional.rs\/en\/wp-json\/wp\/v2\/pages"}],"about":[{"href":"https:\/\/dminternacional.rs\/en\/wp-json\/wp\/v2\/types\/page"}],"author":[{"embeddable":true,"href":"https:\/\/dminternacional.rs\/en\/wp-json\/wp\/v2\/users\/1"}],"replies":[{"embeddable":true,"href":"https:\/\/dminternacional.rs\/en\/wp-json\/wp\/v2\/comments?post=137"}],"version-history":[{"count":5,"href":"https:\/\/dminternacional.rs\/en\/wp-json\/wp\/v2\/pages\/137\/revisions"}],"predecessor-version":[{"id":194,"href":"https:\/\/dminternacional.rs\/en\/wp-json\/wp\/v2\/pages\/137\/revisions\/194"}],"wp:attachment":[{"href":"https:\/\/dminternacional.rs\/en\/wp-json\/wp\/v2\/media?parent=137"}],"curies":[{"name":"wp","href":"https:\/\/api.w.org\/{rel}","templated":true}]}}