{"id":143,"date":"2017-05-30T12:36:38","date_gmt":"2017-05-30T12:36:38","guid":{"rendered":"http:\/\/dminternacional.rs\/?page_id=143\/"},"modified":"2024-10-08T07:07:12","modified_gmt":"2024-10-08T07:07:12","slug":"contact","status":"publish","type":"page","link":"https:\/\/dminternacional.rs\/en\/contact\/","title":{"rendered":"Contact"},"content":{"rendered":"<section class=\"wpb-content-wrapper\"><p>[vc_row][vc_column][vc_column_text]<\/p>\n<h1 style=\"text-align: left;\">DM Internacional doo<\/h1>\n<h3>Contact information<\/h3>\n<p>[\/vc_column_text][\/vc_column][\/vc_row][vc_row][vc_column width=&#8221;1\/3&#8243;][vc_column_text]<\/p>\n<h4 style=\"text-align: left;\">E-mail:<\/h4>\n<p style=\"text-align: left;\">office@dminternacional.rs<\/p>\n<p>[\/vc_column_text][\/vc_column][vc_column width=&#8221;1\/3&#8243;][\/vc_column][vc_column width=&#8221;1\/3&#8243;][\/vc_column][\/vc_row][vc_row][vc_column width=&#8221;1\/3&#8243;][vc_column_text css=&#8221;.vc_custom_1496141892593{padding-top: 10px !important;padding-right: 10px !important;padding-bottom: 10px !important;padding-left: 10px !important;background-color: #d3d3d3 !important;}&#8221;]<\/p>\n<h4 style=\"text-align: center;\">Name:<\/h4>\n<p style=\"text-align: center;\">DM Internacional, Kraljevo<br \/>\n<strong>COMPANY HEADQUARTER<\/strong><\/p>\n<h4 style=\"text-align: center;\">Address:<\/h4>\n<p style=\"text-align: center;\">Progorelica 41 B, 36340 Kraljevo, Serbia<br \/>\nMagistralni put Kraljevo &#8211; Ra\u0161ka<\/p>\n<h4 style=\"text-align: center;\">Phone:<\/h4>\n<p style=\"text-align: center;\">+381 (36) 823 043, +381 (36) 823 044, +381 (36) 824 800<\/p>\n<h4 style=\"text-align: center;\">Working time:<\/h4>\n<p style=\"text-align: center;\">MON-FRI 08.00 &#8211; 15.00<br \/>\nSAT od 08.00 &#8211; 14.00<\/p>\n<p>[\/vc_column_text][\/vc_column][vc_column width=&#8221;1\/3&#8243; css=&#8221;.vc_custom_1496141805103{padding-right: 0px !important;padding-left: 0px !important;}&#8221;][vc_column_text css=&#8221;.vc_custom_1496141965460{padding-top: 10px !important;padding-right: 10px !important;padding-bottom: 10px !important;padding-left: 10px !important;background-color: #d3d3d3 !important;}&#8221;]<\/p>\n<h4 style=\"text-align: center;\">Name:<\/h4>\n<p style=\"text-align: center;\">DM Internacional, Belgrade<br \/>\n<strong>OFFICE BELGRADE<\/strong><\/p>\n<h4 style=\"text-align: center;\">Address:<\/h4>\n<p style=\"text-align: center;\">Dositeja Obradovi\u0107a 5A<br \/>\n11251 Ostru\u017enica, \u010cukarica, Belgrade<\/p>\n<h4 style=\"text-align: center;\">Phone:<\/h4>\n<p style=\"text-align: center;\">+381 (11) 807 1138<\/p>\n<h4 style=\"text-align: center;\">Working time:<\/h4>\n<p style=\"text-align: center;\">MON-FRI 08.00 &#8211; 15.00<br \/>\nSAT 08.00 &#8211; 14.00<\/p>\n<p style=\"text-align: center;\"><div class=\"gap\" style=\"line-height: 15px; height: 15px;\"><\/div>\n<p>[\/vc_column_text][\/vc_column][vc_column width=&#8221;1\/3&#8243;][\/vc_column][\/vc_row][vc_row][vc_column][vc_gmaps link=&#8221;#E-8_JTNDaWZyYW1lJTIwc3JjJTNEJTIyaHR0cHMlM0ElMkYlMkZ3d3cuZ29vZ2xlLmNvbSUyRm1hcHMlMkZkJTJGZW1iZWQlM0ZtaWQlM0QxdlRVdktLbXpoYXpBeS1pTlNvbFpyWVc1RlZRJTIyJTIwd2lkdGglM0QlMjI2NDAlMjIlMjBoZWlnaHQlM0QlMjI0ODAlMjIlM0UlM0MlMkZpZnJhbWUlM0U=&#8221;][\/vc_column][\/vc_row]<\/p>\n<\/section>","protected":false},"excerpt":{"rendered":"<p>[vc_row][vc_column][vc_column_text] DM Internacional doo Contact information [\/vc_column_text][\/vc_column][\/vc_row][vc_row][vc_column width=&#8221;1\/3&#8243;][vc_column_text] E-mail: office@dminternacional.rs [\/vc_column_text][\/vc_column][vc_column width=&#8221;1\/3&#8243;][\/vc_column][vc_column width=&#8221;1\/3&#8243;][\/vc_column][\/vc_row][vc_row][vc_column width=&#8221;1\/3&#8243;][vc_column_text css=&#8221;.vc_custom_1496141892593{padding-top: 10px !important;padding-right: 10px !important;padding-bottom: 10px !important;padding-left: 10px !important;background-color: #d3d3d3 !important;}&#8221;] Name: DM Internacional, Kraljevo COMPANY HEADQUARTER Address: Progorelica 41 B, 36340 Kraljevo, Serbia Magistralni put Kraljevo &#8211; Ra\u0161ka Phone: +381 (36) 823 043, +381 (36) 823 044, +381 (36) 824&hellip;<\/p>\n","protected":false},"author":1,"featured_media":0,"parent":0,"menu_order":0,"comment_status":"closed","ping_status":"closed","template":"","meta":{"footnotes":""},"class_list":["post-143","page","type-page","status-publish","hentry","description-off"],"yoast_head":"<!-- This site is optimized with the Yoast SEO plugin v24.2 - https:\/\/yoast.com\/wordpress\/plugins\/seo\/ -->\n<title>Contact - DM Internacional<\/title>\n<meta name=\"robots\" content=\"index, follow, max-snippet:-1, max-image-preview:large, max-video-preview:-1\" \/>\n<link rel=\"canonical\" href=\"https:\/\/dminternacional.rs\/en\/kontakt\/\" \/>\n<meta property=\"og:locale\" content=\"en_US\" \/>\n<meta property=\"og:type\" content=\"article\" \/>\n<meta property=\"og:title\" content=\"Contact - DM Internacional\" \/>\n<meta property=\"og:description\" content=\"[vc_row][vc_column][vc_column_text] DM Internacional doo Contact information [\/vc_column_text][\/vc_column][\/vc_row][vc_row][vc_column width=&#8221;1\/3&#8243;][vc_column_text] E-mail: office@dminternacional.rs [\/vc_column_text][\/vc_column][vc_column width=&#8221;1\/3&#8243;][\/vc_column][vc_column width=&#8221;1\/3&#8243;][\/vc_column][\/vc_row][vc_row][vc_column width=&#8221;1\/3&#8243;][vc_column_text css=&#8221;.vc_custom_1496141892593{padding-top: 10px !important;padding-right: 10px !important;padding-bottom: 10px !important;padding-left: 10px !important;background-color: #d3d3d3 !important;}&#8221;] Name: DM Internacional, Kraljevo COMPANY HEADQUARTER Address: Progorelica 41 B, 36340 Kraljevo, Serbia Magistralni put Kraljevo &#8211; Ra\u0161ka Phone: +381 (36) 823 043, +381 (36) 823 044, +381 (36) 824&hellip;\" \/>\n<meta property=\"og:url\" content=\"https:\/\/dminternacional.rs\/kontakt\/\" \/>\n<meta property=\"og:site_name\" content=\"DM Internacional\" \/>\n<meta property=\"article:modified_time\" content=\"2024-10-08T07:07:12+00:00\" \/>\n<meta name=\"twitter:card\" content=\"summary_large_image\" \/>\n<meta name=\"twitter:label1\" content=\"Est. reading time\" \/>\n\t<meta name=\"twitter:data1\" content=\"1 minute\" \/>\n<script type=\"application\/ld+json\" class=\"yoast-schema-graph\">{\"@context\":\"https:\/\/schema.org\",\"@graph\":[{\"@type\":\"WebPage\",\"@id\":\"https:\/\/dminternacional.rs\/kontakt\/\",\"url\":\"https:\/\/dminternacional.rs\/kontakt\/\",\"name\":\"Contact - DM Internacional\",\"isPartOf\":{\"@id\":\"https:\/\/dminternacional.rs\/#website\"},\"datePublished\":\"2017-05-30T12:36:38+00:00\",\"dateModified\":\"2024-10-08T07:07:12+00:00\",\"breadcrumb\":{\"@id\":\"https:\/\/dminternacional.rs\/kontakt\/#breadcrumb\"},\"inLanguage\":\"en-US\",\"potentialAction\":[{\"@type\":\"ReadAction\",\"target\":[\"https:\/\/dminternacional.rs\/kontakt\/\"]}]},{\"@type\":\"BreadcrumbList\",\"@id\":\"https:\/\/dminternacional.rs\/kontakt\/#breadcrumb\",\"itemListElement\":[{\"@type\":\"ListItem\",\"position\":1,\"name\":\"Home\",\"item\":\"https:\/\/dminternacional.rs\/en\/\"},{\"@type\":\"ListItem\",\"position\":2,\"name\":\"Contact\"}]},{\"@type\":\"WebSite\",\"@id\":\"https:\/\/dminternacional.rs\/#website\",\"url\":\"https:\/\/dminternacional.rs\/\",\"name\":\"DM Internacional\",\"description\":\"Prodajom Gvo\u017e\u0111a, Armaturne mre\u017ee, Binor nosa\u010da, Paljene \u017eice, Gra\u0111evinskih eksera, Cementa\",\"potentialAction\":[{\"@type\":\"SearchAction\",\"target\":{\"@type\":\"EntryPoint\",\"urlTemplate\":\"https:\/\/dminternacional.rs\/?s={search_term_string}\"},\"query-input\":{\"@type\":\"PropertyValueSpecification\",\"valueRequired\":true,\"valueName\":\"search_term_string\"}}],\"inLanguage\":\"en-US\"}]}<\/script>\n<!-- \/ Yoast SEO plugin. -->","yoast_head_json":{"title":"Contact - DM Internacional","robots":{"index":"index","follow":"follow","max-snippet":"max-snippet:-1","max-image-preview":"max-image-preview:large","max-video-preview":"max-video-preview:-1"},"canonical":"https:\/\/dminternacional.rs\/en\/kontakt\/","og_locale":"en_US","og_type":"article","og_title":"Contact - DM Internacional","og_description":"[vc_row][vc_column][vc_column_text] DM Internacional doo Contact information [\/vc_column_text][\/vc_column][\/vc_row][vc_row][vc_column width=&#8221;1\/3&#8243;][vc_column_text] E-mail: office@dminternacional.rs [\/vc_column_text][\/vc_column][vc_column width=&#8221;1\/3&#8243;][\/vc_column][vc_column width=&#8221;1\/3&#8243;][\/vc_column][\/vc_row][vc_row][vc_column width=&#8221;1\/3&#8243;][vc_column_text css=&#8221;.vc_custom_1496141892593{padding-top: 10px !important;padding-right: 10px !important;padding-bottom: 10px !important;padding-left: 10px !important;background-color: #d3d3d3 !important;}&#8221;] Name: DM Internacional, Kraljevo COMPANY HEADQUARTER Address: Progorelica 41 B, 36340 Kraljevo, Serbia Magistralni put Kraljevo &#8211; Ra\u0161ka Phone: +381 (36) 823 043, +381 (36) 823 044, +381 (36) 824&hellip;","og_url":"https:\/\/dminternacional.rs\/kontakt\/","og_site_name":"DM Internacional","article_modified_time":"2024-10-08T07:07:12+00:00","twitter_card":"summary_large_image","twitter_misc":{"Est. reading time":"1 minute"},"schema":{"@context":"https:\/\/schema.org","@graph":[{"@type":"WebPage","@id":"https:\/\/dminternacional.rs\/kontakt\/","url":"https:\/\/dminternacional.rs\/kontakt\/","name":"Contact - DM Internacional","isPartOf":{"@id":"https:\/\/dminternacional.rs\/#website"},"datePublished":"2017-05-30T12:36:38+00:00","dateModified":"2024-10-08T07:07:12+00:00","breadcrumb":{"@id":"https:\/\/dminternacional.rs\/kontakt\/#breadcrumb"},"inLanguage":"en-US","potentialAction":[{"@type":"ReadAction","target":["https:\/\/dminternacional.rs\/kontakt\/"]}]},{"@type":"BreadcrumbList","@id":"https:\/\/dminternacional.rs\/kontakt\/#breadcrumb","itemListElement":[{"@type":"ListItem","position":1,"name":"Home","item":"https:\/\/dminternacional.rs\/en\/"},{"@type":"ListItem","position":2,"name":"Contact"}]},{"@type":"WebSite","@id":"https:\/\/dminternacional.rs\/#website","url":"https:\/\/dminternacional.rs\/","name":"DM Internacional","description":"Prodajom Gvo\u017e\u0111a, Armaturne mre\u017ee, Binor nosa\u010da, Paljene \u017eice, Gra\u0111evinskih eksera, Cementa","potentialAction":[{"@type":"SearchAction","target":{"@type":"EntryPoint","urlTemplate":"https:\/\/dminternacional.rs\/?s={search_term_string}"},"query-input":{"@type":"PropertyValueSpecification","valueRequired":true,"valueName":"search_term_string"}}],"inLanguage":"en-US"}]}},"_links":{"self":[{"href":"https:\/\/dminternacional.rs\/en\/wp-json\/wp\/v2\/pages\/143","targetHints":{"allow":["GET"]}}],"collection":[{"href":"https:\/\/dminternacional.rs\/en\/wp-json\/wp\/v2\/pages"}],"about":[{"href":"https:\/\/dminternacional.rs\/en\/wp-json\/wp\/v2\/types\/page"}],"author":[{"embeddable":true,"href":"https:\/\/dminternacional.rs\/en\/wp-json\/wp\/v2\/users\/1"}],"replies":[{"embeddable":true,"href":"https:\/\/dminternacional.rs\/en\/wp-json\/wp\/v2\/comments?post=143"}],"version-history":[{"count":2,"href":"https:\/\/dminternacional.rs\/en\/wp-json\/wp\/v2\/pages\/143\/revisions"}],"predecessor-version":[{"id":164,"href":"https:\/\/dminternacional.rs\/en\/wp-json\/wp\/v2\/pages\/143\/revisions\/164"}],"wp:attachment":[{"href":"https:\/\/dminternacional.rs\/en\/wp-json\/wp\/v2\/media?parent=143"}],"curies":[{"name":"wp","href":"https:\/\/api.w.org\/{rel}","templated":true}]}}